{"id":85,"date":"2025-09-15T15:45:34","date_gmt":"2025-09-15T18:45:34","guid":{"rendered":"http:\/\/localhost\/CAN\/?page_id=85"},"modified":"2025-10-15T17:04:21","modified_gmt":"2025-10-15T20:04:21","slug":"masterbatches-carga-mineral","status":"publish","type":"page","link":"https:\/\/colorandino.com.pe\/index.php\/masterbatches-carga-mineral\/","title":{"rendered":"Masterbatches Carga Mineral"},"content":{"rendered":"\t\t<div data-elementor-type=\"wp-page\" data-elementor-id=\"85\" class=\"elementor elementor-85\" data-elementor-settings=\"{&quot;ha_cmc_init_switcher&quot;:&quot;no&quot;}\" data-elementor-post-type=\"page\">\n\t\t\t\t<div class=\"elementor-element elementor-element-5ce3b05 e-con-full e-flex e-con e-parent\" data-id=\"5ce3b05\" data-element_type=\"container\" data-settings=\"{&quot;_ha_eqh_enable&quot;:false}\">\n\t\t<div class=\"elementor-element elementor-element-478c45a e-con-full e-flex e-con e-child\" data-id=\"478c45a\" data-element_type=\"container\" data-settings=\"{&quot;background_background&quot;:&quot;classic&quot;,&quot;_ha_eqh_enable&quot;:false}\">\n\t\t<div class=\"elementor-element elementor-element-eb23173 e-flex e-con-boxed e-con e-child\" data-id=\"eb23173\" data-element_type=\"container\" data-settings=\"{&quot;_ha_eqh_enable&quot;:false}\">\n\t\t\t\t\t<div class=\"e-con-inner\">\n\t\t\t\t<div class=\"elementor-element elementor-element-92a3467 elementor-widget elementor-widget-heading\" data-id=\"92a3467\" data-element_type=\"widget\" data-widget_type=\"heading.default\">\n\t\t\t\t\t<h2 class=\"elementor-heading-title elementor-size-default\">Masterbatch Carga Mineral<\/h2>\t\t\t\t<\/div>\n\t\t\t\t\t<\/div>\n\t\t\t\t<\/div>\n\t\t\t\t<\/div>\n\t\t\t\t<\/div>\n\t\t<div class=\"elementor-element elementor-element-07c55cf e-flex e-con-boxed e-con e-parent\" data-id=\"07c55cf\" data-element_type=\"container\" data-settings=\"{&quot;_ha_eqh_enable&quot;:false}\">\n\t\t\t\t\t<div class=\"e-con-inner\">\n\t\t<div class=\"elementor-element elementor-element-010d853 e-con-full e-flex e-con e-child\" data-id=\"010d853\" data-element_type=\"container\" data-settings=\"{&quot;_ha_eqh_enable&quot;:false}\">\n\t\t<div class=\"elementor-element elementor-element-85f599f e-con-full e-flex e-con e-child\" data-id=\"85f599f\" data-element_type=\"container\" data-settings=\"{&quot;_ha_eqh_enable&quot;:false}\">\n\t\t<div class=\"elementor-element elementor-element-461ea58 e-con-full e-flex e-con e-child\" data-id=\"461ea58\" data-element_type=\"container\" data-settings=\"{&quot;background_background&quot;:&quot;classic&quot;,&quot;_ha_eqh_enable&quot;:false}\">\n\t\t\t\t<div class=\"elementor-element elementor-element-63b7fb4 elementor-widget elementor-widget-heading\" data-id=\"63b7fb4\" data-element_type=\"widget\" data-widget_type=\"heading.default\">\n\t\t\t\t\t<h2 class=\"elementor-heading-title elementor-size-default\">Descripci\u00f3n del producto<\/h2>\t\t\t\t<\/div>\n\t\t\t\t<div class=\"elementor-element elementor-element-55b4ece elementor-widget elementor-widget-text-editor\" data-id=\"55b4ece\" data-element_type=\"widget\" data-widget_type=\"text-editor.default\">\n\t\t\t\t\t\t\t\t\t<p>Fabricamos productos con distintas concentraciones de carbonato o talco, de acuerdo a las necesidades del cliente. Contamos con asistencia t\u00e9cnica quienes les podr\u00e1n recomendar el servicio que mejor se adecue a la propiedad que se desea mejorar; tales como: aumentar la lubricidad, mejorar resistencia a la abrasi\u00f3n, aumentar la resistencia a la compresi\u00f3n, aumentar la resistencia al calor, mejorar resistencia al impacto, reducir la inflamabilidad, mejorar la adhesi\u00f3n, entre otras.<\/p>\t\t\t\t\t\t\t\t<\/div>\n\t\t\t\t<\/div>\n\t\t\t\t<\/div>\n\t\t<div class=\"elementor-element elementor-element-3315fa0 e-con-full e-flex e-con e-child\" data-id=\"3315fa0\" data-element_type=\"container\" data-settings=\"{&quot;_ha_eqh_enable&quot;:false}\">\n\t\t<div class=\"elementor-element elementor-element-fea2213 e-con-full e-flex e-con e-child\" data-id=\"fea2213\" data-element_type=\"container\" data-settings=\"{&quot;background_background&quot;:&quot;classic&quot;,&quot;_ha_eqh_enable&quot;:false}\">\n\t\t\t\t<div class=\"elementor-element elementor-element-e628bc5 elementor-widget elementor-widget-heading\" data-id=\"e628bc5\" data-element_type=\"widget\" data-widget_type=\"heading.default\">\n\t\t\t\t\t<h2 class=\"elementor-heading-title elementor-size-default\">SOLICITAR SERVICIO<\/h2>\t\t\t\t<\/div>\n\t\t\t\t<div class=\"elementor-element elementor-element-a8c3456 elementor-button-align-stretch elementor-widget elementor-widget-form\" data-id=\"a8c3456\" data-element_type=\"widget\" data-settings=\"{&quot;step_next_label&quot;:&quot;Next&quot;,&quot;step_previous_label&quot;:&quot;Previous&quot;,&quot;button_width&quot;:&quot;100&quot;,&quot;step_type&quot;:&quot;number_text&quot;,&quot;step_icon_shape&quot;:&quot;circle&quot;}\" data-widget_type=\"form.default\">\n\t\t\t\t\t\t\t<form class=\"elementor-form\" method=\"post\" name=\"Masterbatch Carga Mineral\" aria-label=\"Masterbatch Carga Mineral\">\n\t\t\t<input type=\"hidden\" name=\"post_id\" value=\"85\"\/>\n\t\t\t<input type=\"hidden\" name=\"form_id\" value=\"a8c3456\"\/>\n\t\t\t<input type=\"hidden\" name=\"referer_title\" value=\"Masterbatches Carga Mineral\" \/>\n\n\t\t\t\t\t\t\t<input type=\"hidden\" name=\"queried_id\" value=\"85\"\/>\n\t\t\t\n\t\t\t<div class=\"elementor-form-fields-wrapper elementor-labels-above\">\n\t\t\t\t\t\t\t\t<div class=\"elementor-field-type-text elementor-field-group elementor-column elementor-field-group-name elementor-col-100\">\n\t\t\t\t\t\t\t\t\t\t\t\t\t<input size=\"1\" type=\"text\" name=\"form_fields[name]\" id=\"form-field-name\" class=\"elementor-field elementor-size-sm  elementor-field-textual\" placeholder=\"NOMBRE\">\n\t\t\t\t\t\t\t\t\t\t\t<\/div>\n\t\t\t\t\t\t\t\t<div class=\"elementor-field-type-text elementor-field-group elementor-column elementor-field-group-email elementor-col-100 elementor-field-required\">\n\t\t\t\t\t\t\t\t\t\t\t\t\t<input size=\"1\" type=\"text\" name=\"form_fields[email]\" id=\"form-field-email\" class=\"elementor-field elementor-size-sm  elementor-field-textual\" placeholder=\"COMPA\u00d1IA\" required=\"required\">\n\t\t\t\t\t\t\t\t\t\t\t<\/div>\n\t\t\t\t\t\t\t\t<div class=\"elementor-field-type-text elementor-field-group elementor-column elementor-field-group-field_1f9a91f elementor-col-100 elementor-field-required\">\n\t\t\t\t\t\t\t\t\t\t\t\t\t<input size=\"1\" type=\"text\" name=\"form_fields[field_1f9a91f]\" id=\"form-field-field_1f9a91f\" class=\"elementor-field elementor-size-sm  elementor-field-textual\" placeholder=\"TEL\u00c9FONO\" required=\"required\">\n\t\t\t\t\t\t\t\t\t\t\t<\/div>\n\t\t\t\t\t\t\t\t<div class=\"elementor-field-type-email elementor-field-group elementor-column elementor-field-group-field_bb29d26 elementor-col-100 elementor-field-required\">\n\t\t\t\t\t\t\t\t\t\t\t\t\t<input size=\"1\" type=\"email\" name=\"form_fields[field_bb29d26]\" id=\"form-field-field_bb29d26\" class=\"elementor-field elementor-size-sm  elementor-field-textual\" placeholder=\"EMAIL\" required=\"required\">\n\t\t\t\t\t\t\t\t\t\t\t<\/div>\n\t\t\t\t\t\t\t\t<div class=\"elementor-field-type-textarea elementor-field-group elementor-column elementor-field-group-message elementor-col-100\">\n\t\t\t\t\t<textarea class=\"elementor-field-textual elementor-field  elementor-size-sm\" name=\"form_fields[message]\" id=\"form-field-message\" rows=\"4\" placeholder=\"MENSAJE\"><\/textarea>\t\t\t\t<\/div>\n\t\t\t\t\t\t\t\t<div class=\"elementor-field-group elementor-column elementor-field-type-submit elementor-col-100 e-form__buttons\">\n\t\t\t\t\t<button class=\"elementor-button elementor-size-sm\" type=\"submit\">\n\t\t\t\t\t\t<span class=\"elementor-button-content-wrapper\">\n\t\t\t\t\t\t\t\t\t\t\t\t\t\t\t\t\t\t\t\t\t\t<span class=\"elementor-button-text\">ENVIAR SOLICITUD<\/span>\n\t\t\t\t\t\t\t\t\t\t\t\t\t<\/span>\n\t\t\t\t\t<\/button>\n\t\t\t\t<\/div>\n\t\t\t<\/div>\n\t\t<input\n                    class=\"apbct_special_field apbct_email_id__elementor_form\"\n                    name=\"apbct__email_id__elementor_form\"\n                    aria-label=\"apbct__label_id__elementor_form\"\n                    type=\"text\" size=\"30\" maxlength=\"200\" autocomplete=\"off\"\n                    value=\"\"\n                \/><\/form>\n\t\t\t\t\t\t<\/div>\n\t\t\t\t<\/div>\n\t\t\t\t<\/div>\n\t\t\t\t<\/div>\n\t\t\t\t\t<\/div>\n\t\t\t\t<\/div>\n\t\t<div class=\"elementor-element elementor-element-49150af e-flex e-con-boxed e-con e-parent\" data-id=\"49150af\" data-element_type=\"container\" data-settings=\"{&quot;_ha_eqh_enable&quot;:false}\">\n\t\t\t\t\t<div class=\"e-con-inner\">\n\t\t<div class=\"elementor-element elementor-element-2077f28 e-con-full e-flex e-con e-child\" data-id=\"2077f28\" data-element_type=\"container\" data-settings=\"{&quot;_ha_eqh_enable&quot;:false}\">\n\t\t\t\t<div class=\"elementor-element elementor-element-39a7c11 elementor-widget elementor-widget-heading\" data-id=\"39a7c11\" data-element_type=\"widget\" data-widget_type=\"heading.default\">\n\t\t\t\t\t<h2 class=\"elementor-heading-title elementor-size-default\">Galeria del producto<\/h2>\t\t\t\t<\/div>\n\t\t\t\t<\/div>\n\t\t\t\t\t<\/div>\n\t\t\t\t<\/div>\n\t\t<div class=\"elementor-element elementor-element-5e3dfc6 e-flex e-con-boxed e-con e-parent\" data-id=\"5e3dfc6\" data-element_type=\"container\" data-settings=\"{&quot;_ha_eqh_enable&quot;:false}\">\n\t\t\t\t\t<div class=\"e-con-inner\">\n\t\t<div class=\"elementor-element elementor-element-daaa70c e-con-full e-flex e-con e-child\" data-id=\"daaa70c\" data-element_type=\"container\" data-settings=\"{&quot;_ha_eqh_enable&quot;:false}\">\n\t\t\t\t<div class=\"elementor-element elementor-element-9f0eb65 elementor-widget elementor-widget-ha-image-stack-group happy-addon ha-image-stack-group\" data-id=\"9f0eb65\" data-element_type=\"widget\" data-widget_type=\"ha-image-stack-group.default\">\n\t\t\t\t\t\n\t\t<div class=\"ha-cig\">\n\t\t\t<span class=\"ha-cig-item ha-cig-item-outline elementor-repeater-item-aa7845d\" ><img decoding=\"async\" src=\"https:\/\/colorandino.com.pe\/wp-content\/uploads\/2025\/09\/Agro.png\" alt=\"\"><\/span><span class=\"ha-cig-item ha-cig-item-outline elementor-repeater-item-a0627a0\" ><img decoding=\"async\" src=\"https:\/\/colorandino.com.pe\/wp-content\/uploads\/2025\/09\/prueba5.png\" alt=\"\"><\/span><span class=\"ha-cig-item ha-cig-item-outline elementor-repeater-item-14e7603\" ><img decoding=\"async\" src=\"https:\/\/colorandino.com.pe\/wp-content\/uploads\/2025\/09\/lubricante-1-1.png\" alt=\"\"><\/span><span class=\"ha-cig-item ha-cig-item-outline elementor-repeater-item-d38818c\" ><img decoding=\"async\" src=\"https:\/\/colorandino.com.pe\/wp-content\/uploads\/2025\/09\/carga-6-1.png\" alt=\"\"><\/span><span class=\"ha-cig-item ha-cig-item-outline elementor-repeater-item-5d95a1a\" ><img decoding=\"async\" src=\"https:\/\/colorandino.com.pe\/wp-content\/uploads\/2025\/09\/carga-3-1.png\" alt=\"\"><\/span>\n\t\t<\/div>\n\n\t\t\t\t\t\t<\/div>\n\t\t\t\t<\/div>\n\t\t\t\t\t<\/div>\n\t\t\t\t<\/div>\n\t\t<div class=\"elementor-element elementor-element-9619ad7 e-flex e-con-boxed e-con e-parent\" data-id=\"9619ad7\" data-element_type=\"container\" data-settings=\"{&quot;_ha_eqh_enable&quot;:false}\">\n\t\t\t\t\t<div class=\"e-con-inner\">\n\t\t<div class=\"elementor-element elementor-element-9a33ea0 e-con-full e-flex e-con e-child\" data-id=\"9a33ea0\" data-element_type=\"container\" data-settings=\"{&quot;_ha_eqh_enable&quot;:false}\">\n\t\t\t\t<div class=\"elementor-element elementor-element-a247d12 elementor-widget elementor-widget-heading\" data-id=\"a247d12\" data-element_type=\"widget\" data-widget_type=\"heading.default\">\n\t\t\t\t\t<h2 class=\"elementor-heading-title elementor-size-default\">OTROS PRODUCTOS<\/h2>\t\t\t\t<\/div>\n\t\t\t\t<\/div>\n\t\t\t\t\t<\/div>\n\t\t\t\t<\/div>\n\t\t<div class=\"elementor-element elementor-element-478e913 e-flex e-con-boxed e-con e-parent\" data-id=\"478e913\" data-element_type=\"container\" data-settings=\"{&quot;_ha_eqh_enable&quot;:false}\">\n\t\t\t\t\t<div class=\"e-con-inner\">\n\t\t<div class=\"elementor-element elementor-element-9bda415 e-con-full e-flex e-con e-child\" data-id=\"9bda415\" data-element_type=\"container\" data-settings=\"{&quot;_ha_eqh_enable&quot;:false}\">\n\t\t<div class=\"elementor-element elementor-element-c632629 e-con-full e-flex e-con e-child\" data-id=\"c632629\" data-element_type=\"container\" data-settings=\"{&quot;_ha_eqh_enable&quot;:false}\">\n\t\t\t\t<div data-ha-element-link=\"{&quot;url&quot;:&quot;https:\\\/\\\/topcolor.com\\\/masterbatch-colores\\\/&quot;,&quot;is_external&quot;:&quot;&quot;,&quot;nofollow&quot;:&quot;&quot;}\" style=\"cursor: pointer\" class=\"elementor-element elementor-element-4b58fc2 elementor-widget elementor-widget-image\" data-id=\"4b58fc2\" data-element_type=\"widget\" data-widget_type=\"image.default\">\n\t\t\t\t\t\t\t\t\t\t\t\t\t\t\t\t<a href=\"https:\/\/topcolor.com\/masterbatch-colores\/\">\n\t\t\t\t\t\t\t<img decoding=\"async\" width=\"178\" height=\"184\" src=\"https:\/\/colorandino.com.pe\/wp-content\/uploads\/2025\/09\/bolsa-colores-1.png\" class=\"attachment-large size-large wp-image-30\" alt=\"\" \/>\t\t\t\t\t\t\t\t<\/a>\n\t\t\t\t\t\t\t\t\t\t\t\t\t\t\t<\/div>\n\t\t\t\t<div data-ha-element-link=\"{&quot;url&quot;:&quot;https:\\\/\\\/topcolor.com\\\/masterbatch-colores\\\/&quot;,&quot;is_external&quot;:&quot;&quot;,&quot;nofollow&quot;:&quot;&quot;}\" style=\"cursor: pointer\" class=\"elementor-element elementor-element-8000601 elementor-widget elementor-widget-image\" data-id=\"8000601\" data-element_type=\"widget\" data-widget_type=\"image.default\">\n\t\t\t\t\t\t\t\t\t\t\t\t\t\t\t\t<a href=\"https:\/\/colorandino.com.pe\/index.php\/masterbatch-colores\/\">\n\t\t\t\t\t\t\t<img decoding=\"async\" src=\"https:\/\/colorandino.com.pe\/wp-content\/uploads\/elementor\/thumbs\/icon-mas-1-rbst9jbc3r641axh1ketzicdgn5ys53ynqrze2p1xc.png\" title=\"icon-mas.png\" alt=\"icon-mas.png\" loading=\"lazy\" \/>\t\t\t\t\t\t\t\t<\/a>\n\t\t\t\t\t\t\t\t\t\t\t\t\t\t\t<\/div>\n\t\t\t\t<div class=\"elementor-element elementor-element-fc05926 elementor-widget elementor-widget-heading\" data-id=\"fc05926\" data-element_type=\"widget\" data-widget_type=\"heading.default\">\n\t\t\t\t\t<h2 class=\"elementor-heading-title elementor-size-default\">Masterbatch Colores<\/h2>\t\t\t\t<\/div>\n\t\t\t\t<\/div>\n\t\t<div class=\"elementor-element elementor-element-173abba e-con-full e-flex e-con e-child\" data-id=\"173abba\" data-element_type=\"container\" data-settings=\"{&quot;_ha_eqh_enable&quot;:false}\">\n\t\t\t\t<div class=\"elementor-element elementor-element-e3715e4 elementor-widget elementor-widget-image\" data-id=\"e3715e4\" data-element_type=\"widget\" data-widget_type=\"image.default\">\n\t\t\t\t\t\t\t\t\t\t\t\t\t\t\t\t<a href=\"https:\/\/topcolor.com\/masterbatch-negro\/\">\n\t\t\t\t\t\t\t<img decoding=\"async\" width=\"178\" height=\"184\" src=\"https:\/\/colorandino.com.pe\/wp-content\/uploads\/2025\/09\/bolsa-negro-1.png\" class=\"attachment-large size-large wp-image-34\" alt=\"\" \/>\t\t\t\t\t\t\t\t<\/a>\n\t\t\t\t\t\t\t\t\t\t\t\t\t\t\t<\/div>\n\t\t\t\t<div class=\"elementor-element elementor-element-ec53663 elementor-widget elementor-widget-image\" data-id=\"ec53663\" data-element_type=\"widget\" data-widget_type=\"image.default\">\n\t\t\t\t\t\t\t\t\t\t\t\t\t\t\t\t<a href=\"https:\/\/colorandino.com.pe\/index.php\/masterbatch-negro\/\">\n\t\t\t\t\t\t\t<img decoding=\"async\" src=\"https:\/\/colorandino.com.pe\/wp-content\/uploads\/elementor\/thumbs\/icon-mas-1-rbst9jbc3r641axh1ketzicdgn5ys53ynqrze2p1xc.png\" title=\"icon-mas.png\" alt=\"icon-mas.png\" loading=\"lazy\" \/>\t\t\t\t\t\t\t\t<\/a>\n\t\t\t\t\t\t\t\t\t\t\t\t\t\t\t<\/div>\n\t\t\t\t<div class=\"elementor-element elementor-element-f3cedff elementor-widget elementor-widget-heading\" data-id=\"f3cedff\" data-element_type=\"widget\" data-widget_type=\"heading.default\">\n\t\t\t\t\t<h2 class=\"elementor-heading-title elementor-size-default\">Masterbatch Negro<\/h2>\t\t\t\t<\/div>\n\t\t\t\t<\/div>\n\t\t<div class=\"elementor-element elementor-element-74ad3ad e-con-full e-flex e-con e-child\" data-id=\"74ad3ad\" data-element_type=\"container\" data-settings=\"{&quot;_ha_eqh_enable&quot;:false}\">\n\t\t\t\t<div class=\"elementor-element elementor-element-64050dc elementor-widget elementor-widget-image\" data-id=\"64050dc\" data-element_type=\"widget\" data-widget_type=\"image.default\">\n\t\t\t\t\t\t\t\t\t\t\t\t\t\t\t\t<a href=\"https:\/\/topcolor.com\/masterbatch-blanco\/\">\n\t\t\t\t\t\t\t<img decoding=\"async\" width=\"178\" height=\"184\" src=\"https:\/\/colorandino.com.pe\/wp-content\/uploads\/2025\/09\/bolsa-blanco-1.png\" class=\"attachment-large size-large wp-image-35\" alt=\"\" \/>\t\t\t\t\t\t\t\t<\/a>\n\t\t\t\t\t\t\t\t\t\t\t\t\t\t\t<\/div>\n\t\t\t\t<div class=\"elementor-element elementor-element-005fee2 elementor-widget elementor-widget-image\" data-id=\"005fee2\" data-element_type=\"widget\" data-widget_type=\"image.default\">\n\t\t\t\t\t\t\t\t\t\t\t\t\t\t\t\t<a href=\"https:\/\/colorandino.com.pe\/index.php\/masterbatch-blanco\/\">\n\t\t\t\t\t\t\t<img decoding=\"async\" src=\"https:\/\/colorandino.com.pe\/wp-content\/uploads\/elementor\/thumbs\/icon-mas-1-rbst9jbc3r641axh1ketzicdgn5ys53ynqrze2p1xc.png\" title=\"icon-mas.png\" alt=\"icon-mas.png\" loading=\"lazy\" \/>\t\t\t\t\t\t\t\t<\/a>\n\t\t\t\t\t\t\t\t\t\t\t\t\t\t\t<\/div>\n\t\t\t\t<div class=\"elementor-element elementor-element-343fe4a elementor-widget elementor-widget-heading\" data-id=\"343fe4a\" data-element_type=\"widget\" data-widget_type=\"heading.default\">\n\t\t\t\t\t<h2 class=\"elementor-heading-title elementor-size-default\">Masterbatch Blanco<\/h2>\t\t\t\t<\/div>\n\t\t\t\t<\/div>\n\t\t\t\t<\/div>\n\t\t\t\t\t<\/div>\n\t\t\t\t<\/div>\n\t\t\t\t<\/div>\n\t\t","protected":false},"excerpt":{"rendered":"<p>Masterbatch Carga Mineral Descripci\u00f3n del producto Fabricamos productos con distintas concentraciones de carbonato o talco, de acuerdo a las necesidades del cliente. Contamos con asistencia t\u00e9cnica quienes les podr\u00e1n recomendar el servicio que mejor se adecue a la propiedad que se desea mejorar; tales como: aumentar la lubricidad, mejorar resistencia a la abrasi\u00f3n, aumentar la [&hellip;]<\/p>\n","protected":false},"author":1,"featured_media":0,"parent":0,"menu_order":0,"comment_status":"closed","ping_status":"closed","template":"","meta":{"_joinchat":[],"footnotes":""},"class_list":["post-85","page","type-page","status-publish","hentry"],"_links":{"self":[{"href":"https:\/\/colorandino.com.pe\/index.php\/wp-json\/wp\/v2\/pages\/85","targetHints":{"allow":["GET"]}}],"collection":[{"href":"https:\/\/colorandino.com.pe\/index.php\/wp-json\/wp\/v2\/pages"}],"about":[{"href":"https:\/\/colorandino.com.pe\/index.php\/wp-json\/wp\/v2\/types\/page"}],"author":[{"embeddable":true,"href":"https:\/\/colorandino.com.pe\/index.php\/wp-json\/wp\/v2\/users\/1"}],"replies":[{"embeddable":true,"href":"https:\/\/colorandino.com.pe\/index.php\/wp-json\/wp\/v2\/comments?post=85"}],"version-history":[{"count":31,"href":"https:\/\/colorandino.com.pe\/index.php\/wp-json\/wp\/v2\/pages\/85\/revisions"}],"predecessor-version":[{"id":433,"href":"https:\/\/colorandino.com.pe\/index.php\/wp-json\/wp\/v2\/pages\/85\/revisions\/433"}],"wp:attachment":[{"href":"https:\/\/colorandino.com.pe\/index.php\/wp-json\/wp\/v2\/media?parent=85"}],"curies":[{"name":"wp","href":"https:\/\/api.w.org\/{rel}","templated":true}]}}