{"id":118,"date":"2025-09-15T17:37:01","date_gmt":"2025-09-15T20:37:01","guid":{"rendered":"http:\/\/localhost\/CAN\/?page_id=118"},"modified":"2025-10-15T16:44:17","modified_gmt":"2025-10-15T19:44:17","slug":"masterbatch-negro","status":"publish","type":"page","link":"https:\/\/colorandino.com.pe\/index.php\/masterbatch-negro\/","title":{"rendered":"Masterbatch Negro"},"content":{"rendered":"\t\t<div data-elementor-type=\"wp-page\" data-elementor-id=\"118\" class=\"elementor elementor-118\" data-elementor-settings=\"{&quot;ha_cmc_init_switcher&quot;:&quot;no&quot;}\" data-elementor-post-type=\"page\">\n\t\t\t\t<div class=\"elementor-element elementor-element-3b557fd e-con-full e-flex e-con e-parent\" data-id=\"3b557fd\" data-element_type=\"container\" data-settings=\"{&quot;_ha_eqh_enable&quot;:false}\">\n\t\t<div class=\"elementor-element elementor-element-fdc3c98 e-con-full e-flex e-con e-child\" data-id=\"fdc3c98\" data-element_type=\"container\" data-settings=\"{&quot;background_background&quot;:&quot;classic&quot;,&quot;_ha_eqh_enable&quot;:false}\">\n\t\t<div class=\"elementor-element elementor-element-bf77b1b e-flex e-con-boxed e-con e-child\" data-id=\"bf77b1b\" data-element_type=\"container\" data-settings=\"{&quot;_ha_eqh_enable&quot;:false}\">\n\t\t\t\t\t<div class=\"e-con-inner\">\n\t\t\t\t<div class=\"elementor-element elementor-element-b3630be elementor-widget elementor-widget-heading\" data-id=\"b3630be\" data-element_type=\"widget\" data-widget_type=\"heading.default\">\n\t\t\t\t\t<h2 class=\"elementor-heading-title elementor-size-default\">Masterbatch Masterbatch Negro<\/h2>\t\t\t\t<\/div>\n\t\t\t\t\t<\/div>\n\t\t\t\t<\/div>\n\t\t\t\t<\/div>\n\t\t\t\t<\/div>\n\t\t<div class=\"elementor-element elementor-element-a668ef5 e-flex e-con-boxed e-con e-parent\" data-id=\"a668ef5\" data-element_type=\"container\" data-settings=\"{&quot;_ha_eqh_enable&quot;:false}\">\n\t\t\t\t\t<div class=\"e-con-inner\">\n\t\t<div class=\"elementor-element elementor-element-748611c e-con-full e-flex e-con e-child\" data-id=\"748611c\" data-element_type=\"container\" data-settings=\"{&quot;_ha_eqh_enable&quot;:false}\">\n\t\t<div class=\"elementor-element elementor-element-1c08496 e-con-full e-flex e-con e-child\" data-id=\"1c08496\" data-element_type=\"container\" data-settings=\"{&quot;_ha_eqh_enable&quot;:false}\">\n\t\t<div class=\"elementor-element elementor-element-565c3c7 e-con-full e-flex e-con e-child\" data-id=\"565c3c7\" data-element_type=\"container\" data-settings=\"{&quot;background_background&quot;:&quot;classic&quot;,&quot;_ha_eqh_enable&quot;:false}\">\n\t\t\t\t<div class=\"elementor-element elementor-element-ff16c96 elementor-widget elementor-widget-heading\" data-id=\"ff16c96\" data-element_type=\"widget\" data-widget_type=\"heading.default\">\n\t\t\t\t\t<h2 class=\"elementor-heading-title elementor-size-default\">Descripci\u00f3n del producto<\/h2>\t\t\t\t<\/div>\n\t\t\t\t<div class=\"elementor-element elementor-element-a435121 elementor-widget elementor-widget-text-editor\" data-id=\"a435121\" data-element_type=\"widget\" data-widget_type=\"text-editor.default\">\n\t\t\t\t\t\t\t\t\t<p>Fabricamos masterbatches negros en distintas concentraciones de negros de humo y de varios tama\u00f1os de part\u00edcula de acuerdo a necesidades de nuestros clientes.<\/p>\t\t\t\t\t\t\t\t<\/div>\n\t\t\t\t<\/div>\n\t\t\t\t<\/div>\n\t\t<div class=\"elementor-element elementor-element-61fe8c7 e-con-full e-flex e-con e-child\" data-id=\"61fe8c7\" data-element_type=\"container\" data-settings=\"{&quot;_ha_eqh_enable&quot;:false}\">\n\t\t<div class=\"elementor-element elementor-element-8643c08 e-con-full e-flex e-con e-child\" data-id=\"8643c08\" data-element_type=\"container\" data-settings=\"{&quot;background_background&quot;:&quot;classic&quot;,&quot;_ha_eqh_enable&quot;:false}\">\n\t\t\t\t<div class=\"elementor-element elementor-element-89d0c2d elementor-widget elementor-widget-heading\" data-id=\"89d0c2d\" data-element_type=\"widget\" data-widget_type=\"heading.default\">\n\t\t\t\t\t<h2 class=\"elementor-heading-title elementor-size-default\">SOLICITAR SERVICIO<\/h2>\t\t\t\t<\/div>\n\t\t\t\t<div class=\"elementor-element elementor-element-1fb8702 elementor-widget__width-initial elementor-button-align-stretch elementor-widget elementor-widget-form\" data-id=\"1fb8702\" data-element_type=\"widget\" data-settings=\"{&quot;step_next_label&quot;:&quot;Next&quot;,&quot;step_previous_label&quot;:&quot;Previous&quot;,&quot;button_width&quot;:&quot;100&quot;,&quot;step_type&quot;:&quot;number_text&quot;,&quot;step_icon_shape&quot;:&quot;circle&quot;}\" data-widget_type=\"form.default\">\n\t\t\t\t\t\t\t<form class=\"elementor-form\" method=\"post\" name=\"Masterbatch Masterbatch Negro\" aria-label=\"Masterbatch Masterbatch Negro\">\n\t\t\t<input type=\"hidden\" name=\"post_id\" value=\"118\"\/>\n\t\t\t<input type=\"hidden\" name=\"form_id\" value=\"1fb8702\"\/>\n\t\t\t<input type=\"hidden\" name=\"referer_title\" value=\"Masterbatch Negro\" \/>\n\n\t\t\t\t\t\t\t<input type=\"hidden\" name=\"queried_id\" value=\"118\"\/>\n\t\t\t\n\t\t\t<div class=\"elementor-form-fields-wrapper elementor-labels-above\">\n\t\t\t\t\t\t\t\t<div class=\"elementor-field-type-text elementor-field-group elementor-column elementor-field-group-name elementor-col-100\">\n\t\t\t\t\t\t\t\t\t\t\t\t\t<input size=\"1\" type=\"text\" name=\"form_fields[name]\" id=\"form-field-name\" class=\"elementor-field elementor-size-sm  elementor-field-textual\" placeholder=\"NOMBRE\">\n\t\t\t\t\t\t\t\t\t\t\t<\/div>\n\t\t\t\t\t\t\t\t<div class=\"elementor-field-type-text elementor-field-group elementor-column elementor-field-group-email elementor-col-100 elementor-field-required\">\n\t\t\t\t\t\t\t\t\t\t\t\t\t<input size=\"1\" type=\"text\" name=\"form_fields[email]\" id=\"form-field-email\" class=\"elementor-field elementor-size-sm  elementor-field-textual\" placeholder=\"COMPA\u00d1IA\" required=\"required\">\n\t\t\t\t\t\t\t\t\t\t\t<\/div>\n\t\t\t\t\t\t\t\t<div class=\"elementor-field-type-text elementor-field-group elementor-column elementor-field-group-field_1f9a91f elementor-col-100 elementor-field-required\">\n\t\t\t\t\t\t\t\t\t\t\t\t\t<input size=\"1\" type=\"text\" name=\"form_fields[field_1f9a91f]\" id=\"form-field-field_1f9a91f\" class=\"elementor-field elementor-size-sm  elementor-field-textual\" placeholder=\"TEL\u00c9FONO\" required=\"required\">\n\t\t\t\t\t\t\t\t\t\t\t<\/div>\n\t\t\t\t\t\t\t\t<div class=\"elementor-field-type-email elementor-field-group elementor-column elementor-field-group-field_bb29d26 elementor-col-100 elementor-field-required\">\n\t\t\t\t\t\t\t\t\t\t\t\t\t<input size=\"1\" type=\"email\" name=\"form_fields[field_bb29d26]\" id=\"form-field-field_bb29d26\" class=\"elementor-field elementor-size-sm  elementor-field-textual\" placeholder=\"EMAIL\" required=\"required\">\n\t\t\t\t\t\t\t\t\t\t\t<\/div>\n\t\t\t\t\t\t\t\t<div class=\"elementor-field-type-textarea elementor-field-group elementor-column elementor-field-group-message elementor-col-100\">\n\t\t\t\t\t<textarea class=\"elementor-field-textual elementor-field  elementor-size-sm\" name=\"form_fields[message]\" id=\"form-field-message\" rows=\"4\" placeholder=\"MENSAJE\"><\/textarea>\t\t\t\t<\/div>\n\t\t\t\t\t\t\t\t<div class=\"elementor-field-group elementor-column elementor-field-type-submit elementor-col-100 e-form__buttons\">\n\t\t\t\t\t<button class=\"elementor-button elementor-size-sm\" type=\"submit\">\n\t\t\t\t\t\t<span class=\"elementor-button-content-wrapper\">\n\t\t\t\t\t\t\t\t\t\t\t\t\t\t\t\t\t\t\t\t\t\t<span class=\"elementor-button-text\">ENVIAR SOLICITUD<\/span>\n\t\t\t\t\t\t\t\t\t\t\t\t\t<\/span>\n\t\t\t\t\t<\/button>\n\t\t\t\t<\/div>\n\t\t\t<\/div>\n\t\t<input\n                    class=\"apbct_special_field apbct_email_id__elementor_form\"\n                    name=\"apbct__email_id__elementor_form\"\n                    aria-label=\"apbct__label_id__elementor_form\"\n                    type=\"text\" size=\"30\" maxlength=\"200\" autocomplete=\"off\"\n                    value=\"\"\n                \/><\/form>\n\t\t\t\t\t\t<\/div>\n\t\t\t\t<\/div>\n\t\t\t\t<\/div>\n\t\t\t\t<\/div>\n\t\t\t\t\t<\/div>\n\t\t\t\t<\/div>\n\t\t<div class=\"elementor-element elementor-element-b095cc4 e-flex e-con-boxed e-con e-parent\" data-id=\"b095cc4\" data-element_type=\"container\" data-settings=\"{&quot;_ha_eqh_enable&quot;:false}\">\n\t\t\t\t\t<div class=\"e-con-inner\">\n\t\t<div class=\"elementor-element elementor-element-7e91141 e-con-full e-flex e-con e-child\" data-id=\"7e91141\" data-element_type=\"container\" data-settings=\"{&quot;_ha_eqh_enable&quot;:false}\">\n\t\t\t\t<div class=\"elementor-element elementor-element-ac8e278 elementor-widget elementor-widget-heading\" data-id=\"ac8e278\" data-element_type=\"widget\" data-widget_type=\"heading.default\">\n\t\t\t\t\t<h2 class=\"elementor-heading-title elementor-size-default\">Galeria del producto<\/h2>\t\t\t\t<\/div>\n\t\t\t\t<\/div>\n\t\t\t\t\t<\/div>\n\t\t\t\t<\/div>\n\t\t<div class=\"elementor-element elementor-element-1d73377 e-flex e-con-boxed e-con e-parent\" data-id=\"1d73377\" data-element_type=\"container\" data-settings=\"{&quot;_ha_eqh_enable&quot;:false}\">\n\t\t\t\t\t<div class=\"e-con-inner\">\n\t\t<div class=\"elementor-element elementor-element-8361f50 e-con-full e-flex e-con e-child\" data-id=\"8361f50\" data-element_type=\"container\" data-settings=\"{&quot;_ha_eqh_enable&quot;:false}\">\n\t\t<div class=\"elementor-element elementor-element-16c6e37 e-con-full e-flex e-con e-child\" data-id=\"16c6e37\" data-element_type=\"container\" data-settings=\"{&quot;_ha_eqh_enable&quot;:false}\">\n\t\t\t\t<div class=\"elementor-element elementor-element-5732d38 elementor-widget elementor-widget-ha-image-stack-group happy-addon ha-image-stack-group\" data-id=\"5732d38\" data-element_type=\"widget\" data-widget_type=\"ha-image-stack-group.default\">\n\t\t\t\t\t\n\t\t<div class=\"ha-cig\">\n\t\t\t<span class=\"ha-cig-item ha-cig-item-outline elementor-repeater-item-aa7845d\" ><img decoding=\"async\" src=\"https:\/\/colorandino.com.pe\/wp-content\/uploads\/2025\/09\/BolsaNegra.png\" alt=\"\"><\/span><span class=\"ha-cig-item ha-cig-item-outline elementor-repeater-item-a0627a0\" ><img decoding=\"async\" src=\"https:\/\/colorandino.com.pe\/wp-content\/uploads\/2025\/09\/pedales.png\" alt=\"\"><\/span><span class=\"ha-cig-item ha-cig-item-outline elementor-repeater-item-14e7603\" ><img decoding=\"async\" src=\"https:\/\/colorandino.com.pe\/wp-content\/uploads\/2025\/09\/PRUEBA-4.png\" alt=\"\"><\/span><span class=\"ha-cig-item ha-cig-item-outline elementor-repeater-item-d38818c\" ><img decoding=\"async\" src=\"https:\/\/colorandino.com.pe\/wp-content\/uploads\/2025\/09\/Screenshot_20.png\" alt=\"\"><\/span><span class=\"ha-cig-item ha-cig-item-outline elementor-repeater-item-7b0788b\" ><img decoding=\"async\" src=\"https:\/\/colorandino.com.pe\/wp-content\/uploads\/2025\/09\/Tubos.png\" alt=\"\"><\/span>\n\t\t<\/div>\n\n\t\t\t\t\t\t<\/div>\n\t\t\t\t<\/div>\n\t\t\t\t<\/div>\n\t\t\t\t\t<\/div>\n\t\t\t\t<\/div>\n\t\t<div class=\"elementor-element elementor-element-dfea649 e-flex e-con-boxed e-con e-parent\" data-id=\"dfea649\" data-element_type=\"container\" data-settings=\"{&quot;_ha_eqh_enable&quot;:false}\">\n\t\t\t\t\t<div class=\"e-con-inner\">\n\t\t<div class=\"elementor-element elementor-element-ca06de0 e-con-full e-flex e-con e-child\" data-id=\"ca06de0\" data-element_type=\"container\" data-settings=\"{&quot;_ha_eqh_enable&quot;:false}\">\n\t\t\t\t<div class=\"elementor-element elementor-element-0badf17 elementor-widget elementor-widget-heading\" data-id=\"0badf17\" data-element_type=\"widget\" data-widget_type=\"heading.default\">\n\t\t\t\t\t<h2 class=\"elementor-heading-title elementor-size-default\">OTROS PRODUCTOS<\/h2>\t\t\t\t<\/div>\n\t\t\t\t<\/div>\n\t\t\t\t\t<\/div>\n\t\t\t\t<\/div>\n\t\t<div class=\"elementor-element elementor-element-a69af6c e-flex e-con-boxed e-con e-parent\" data-id=\"a69af6c\" data-element_type=\"container\" data-settings=\"{&quot;_ha_eqh_enable&quot;:false}\">\n\t\t\t\t\t<div class=\"e-con-inner\">\n\t\t<div class=\"elementor-element elementor-element-1d52299 e-con-full e-flex e-con e-child\" data-id=\"1d52299\" data-element_type=\"container\" data-settings=\"{&quot;_ha_eqh_enable&quot;:false}\">\n\t\t<div class=\"elementor-element elementor-element-4b3cb80 e-con-full e-flex e-con e-child\" data-id=\"4b3cb80\" data-element_type=\"container\" data-settings=\"{&quot;_ha_eqh_enable&quot;:false}\">\n\t\t\t\t<div data-ha-element-link=\"{&quot;url&quot;:&quot;https:\\\/\\\/topcolor.com\\\/masterbatch-colores\\\/&quot;,&quot;is_external&quot;:&quot;&quot;,&quot;nofollow&quot;:&quot;&quot;}\" style=\"cursor: pointer\" class=\"elementor-element elementor-element-87eab3a elementor-widget elementor-widget-image\" data-id=\"87eab3a\" data-element_type=\"widget\" data-widget_type=\"image.default\">\n\t\t\t\t\t\t\t\t\t\t\t\t<figure class=\"wp-caption\">\n\t\t\t\t\t\t\t\t\t\t\t<a href=\"https:\/\/topcolor.com\/masterbatch-colores\/\">\n\t\t\t\t\t\t\t<img decoding=\"async\" width=\"178\" height=\"184\" src=\"https:\/\/colorandino.com.pe\/wp-content\/uploads\/2025\/09\/bolsa-colores-1.png\" class=\"attachment-large size-large wp-image-30\" alt=\"\" \/>\t\t\t\t\t\t\t\t<\/a>\n\t\t\t\t\t\t\t\t\t\t\t<figcaption class=\"widget-image-caption wp-caption-text\"><\/figcaption>\n\t\t\t\t\t\t\t\t\t\t<\/figure>\n\t\t\t\t\t\t\t\t\t<\/div>\n\t\t\t\t<div data-ha-element-link=\"{&quot;url&quot;:&quot;https:\\\/\\\/topcolor.com\\\/masterbatch-colores\\\/&quot;,&quot;is_external&quot;:&quot;&quot;,&quot;nofollow&quot;:&quot;&quot;}\" style=\"cursor: pointer\" class=\"elementor-element elementor-element-c14de81 elementor-widget elementor-widget-image\" data-id=\"c14de81\" data-element_type=\"widget\" data-widget_type=\"image.default\">\n\t\t\t\t\t\t\t\t\t\t\t\t\t\t\t\t<a href=\"https:\/\/colorandino.com.pe\/index.php\/masterbatch-colores\/\">\n\t\t\t\t\t\t\t<img decoding=\"async\" src=\"https:\/\/colorandino.com.pe\/wp-content\/uploads\/elementor\/thumbs\/icon-mas-1-rbst9jbc3r641axh1ketzicdgn5ys53ynqrze2p1xc.png\" title=\"icon-mas.png\" alt=\"icon-mas.png\" loading=\"lazy\" \/>\t\t\t\t\t\t\t\t<\/a>\n\t\t\t\t\t\t\t\t\t\t\t\t\t\t\t<\/div>\n\t\t\t\t<div class=\"elementor-element elementor-element-a0c37fc elementor-widget elementor-widget-heading\" data-id=\"a0c37fc\" data-element_type=\"widget\" data-widget_type=\"heading.default\">\n\t\t\t\t\t<h2 class=\"elementor-heading-title elementor-size-default\"><a href=\"https:\/\/topcolor.com\/masterbatch-colores\/\">Masterbatch Colores<\/a><\/h2>\t\t\t\t<\/div>\n\t\t\t\t<\/div>\n\t\t<div class=\"elementor-element elementor-element-65ba440 e-con-full e-flex e-con e-child\" data-id=\"65ba440\" data-element_type=\"container\" data-settings=\"{&quot;_ha_eqh_enable&quot;:false}\">\n\t\t\t\t<div class=\"elementor-element elementor-element-0ac5ed9 elementor-widget elementor-widget-image\" data-id=\"0ac5ed9\" data-element_type=\"widget\" data-widget_type=\"image.default\">\n\t\t\t\t\t\t\t\t\t\t\t\t\t\t\t\t<a href=\"https:\/\/topcolor.com\/masterbatches-carga-mineral\/\">\n\t\t\t\t\t\t\t<img decoding=\"async\" width=\"178\" height=\"184\" src=\"https:\/\/colorandino.com.pe\/wp-content\/uploads\/2025\/09\/bolsa-resinas-1.png\" class=\"attachment-large size-large wp-image-32\" alt=\"\" \/>\t\t\t\t\t\t\t\t<\/a>\n\t\t\t\t\t\t\t\t\t\t\t\t\t\t\t<\/div>\n\t\t\t\t<div class=\"elementor-element elementor-element-0910fec elementor-widget elementor-widget-image\" data-id=\"0910fec\" data-element_type=\"widget\" data-widget_type=\"image.default\">\n\t\t\t\t\t\t\t\t\t\t\t\t\t\t\t\t<a href=\"https:\/\/colorandino.com.pe\/index.php\/masterbatches-carga-mineral\/\">\n\t\t\t\t\t\t\t<img decoding=\"async\" src=\"https:\/\/colorandino.com.pe\/wp-content\/uploads\/elementor\/thumbs\/icon-mas-1-rbst9jbc3r641axh1ketzicdgn5ys53ynqrze2p1xc.png\" title=\"icon-mas.png\" alt=\"icon-mas.png\" loading=\"lazy\" \/>\t\t\t\t\t\t\t\t<\/a>\n\t\t\t\t\t\t\t\t\t\t\t\t\t\t\t<\/div>\n\t\t\t\t<div class=\"elementor-element elementor-element-d3a1b7a elementor-widget elementor-widget-heading\" data-id=\"d3a1b7a\" data-element_type=\"widget\" data-widget_type=\"heading.default\">\n\t\t\t\t\t<h2 class=\"elementor-heading-title elementor-size-default\"><a href=\"https:\/\/topcolor.com\/masterbatches-carga-mineral\/\">Carga Mineral<\/a><\/h2>\t\t\t\t<\/div>\n\t\t\t\t<\/div>\n\t\t<div class=\"elementor-element elementor-element-2d77b50 e-con-full e-flex e-con e-child\" data-id=\"2d77b50\" data-element_type=\"container\" data-settings=\"{&quot;_ha_eqh_enable&quot;:false}\">\n\t\t\t\t<div class=\"elementor-element elementor-element-33b8661 elementor-widget elementor-widget-image\" data-id=\"33b8661\" data-element_type=\"widget\" data-widget_type=\"image.default\">\n\t\t\t\t\t\t\t\t\t\t\t\t\t\t\t\t<a href=\"https:\/\/topcolor.com\/masterbatch-blanco\/\">\n\t\t\t\t\t\t\t<img decoding=\"async\" width=\"178\" height=\"184\" src=\"https:\/\/colorandino.com.pe\/wp-content\/uploads\/2025\/09\/bolsa-blanco-1.png\" class=\"attachment-large size-large wp-image-35\" alt=\"\" \/>\t\t\t\t\t\t\t\t<\/a>\n\t\t\t\t\t\t\t\t\t\t\t\t\t\t\t<\/div>\n\t\t\t\t<div class=\"elementor-element elementor-element-ebc9c7e elementor-widget elementor-widget-image\" data-id=\"ebc9c7e\" data-element_type=\"widget\" data-widget_type=\"image.default\">\n\t\t\t\t\t\t\t\t\t\t\t\t\t\t\t\t<a href=\"https:\/\/colorandino.com.pe\/index.php\/masterbatch-blanco\/\">\n\t\t\t\t\t\t\t<img decoding=\"async\" src=\"https:\/\/colorandino.com.pe\/wp-content\/uploads\/elementor\/thumbs\/icon-mas-1-rbst9jbc3r641axh1ketzicdgn5ys53ynqrze2p1xc.png\" title=\"icon-mas.png\" alt=\"icon-mas.png\" loading=\"lazy\" \/>\t\t\t\t\t\t\t\t<\/a>\n\t\t\t\t\t\t\t\t\t\t\t\t\t\t\t<\/div>\n\t\t\t\t<div class=\"elementor-element elementor-element-c2d28c3 elementor-widget elementor-widget-heading\" data-id=\"c2d28c3\" data-element_type=\"widget\" data-widget_type=\"heading.default\">\n\t\t\t\t\t<h2 class=\"elementor-heading-title elementor-size-default\"><a href=\"https:\/\/topcolor.com\/masterbatch-blanco\/\">Masterbatch Blanco<\/a><\/h2>\t\t\t\t<\/div>\n\t\t\t\t<\/div>\n\t\t\t\t<\/div>\n\t\t\t\t\t<\/div>\n\t\t\t\t<\/div>\n\t\t\t\t<\/div>\n\t\t","protected":false},"excerpt":{"rendered":"<p>Masterbatch Masterbatch Negro Descripci\u00f3n del producto Fabricamos masterbatches negros en distintas concentraciones de negros de humo y de varios tama\u00f1os de part\u00edcula de acuerdo a necesidades de nuestros clientes. SOLICITAR SERVICIO Galeria del producto OTROS PRODUCTOS Masterbatch Colores Carga Mineral Masterbatch Blanco<\/p>\n","protected":false},"author":1,"featured_media":0,"parent":0,"menu_order":0,"comment_status":"closed","ping_status":"closed","template":"","meta":{"_joinchat":[],"footnotes":""},"class_list":["post-118","page","type-page","status-publish","hentry"],"_links":{"self":[{"href":"https:\/\/colorandino.com.pe\/index.php\/wp-json\/wp\/v2\/pages\/118","targetHints":{"allow":["GET"]}}],"collection":[{"href":"https:\/\/colorandino.com.pe\/index.php\/wp-json\/wp\/v2\/pages"}],"about":[{"href":"https:\/\/colorandino.com.pe\/index.php\/wp-json\/wp\/v2\/types\/page"}],"author":[{"embeddable":true,"href":"https:\/\/colorandino.com.pe\/index.php\/wp-json\/wp\/v2\/users\/1"}],"replies":[{"embeddable":true,"href":"https:\/\/colorandino.com.pe\/index.php\/wp-json\/wp\/v2\/comments?post=118"}],"version-history":[{"count":16,"href":"https:\/\/colorandino.com.pe\/index.php\/wp-json\/wp\/v2\/pages\/118\/revisions"}],"predecessor-version":[{"id":429,"href":"https:\/\/colorandino.com.pe\/index.php\/wp-json\/wp\/v2\/pages\/118\/revisions\/429"}],"wp:attachment":[{"href":"https:\/\/colorandino.com.pe\/index.php\/wp-json\/wp\/v2\/media?parent=118"}],"curies":[{"name":"wp","href":"https:\/\/api.w.org\/{rel}","templated":true}]}}